{"id":14,"date":"2011-07-14T19:47:05","date_gmt":"2011-07-14T19:47:05","guid":{"rendered":"http:\/\/www.mobilierdebureaunuimage.ca\/contacts\/"},"modified":"2022-06-30T15:51:58","modified_gmt":"2022-06-30T15:51:58","slug":"contacts","status":"publish","type":"page","link":"https:\/\/mobilierdebureaunuimage.ca\/en\/contacts\/","title":{"rendered":"Contact"},"content":{"rendered":"<div class=\"row \">\n<div class=\"span12 \"><div><div class=\"google-map\"><iframe src=\"https:\/\/www.google.mg\/maps\/place\/9975+Rue+Meilleur+Montr%C3%A9al,+QC+H3L+3J6,+Canada\/@45.5438476,-73.658411,17z\/data=!3m1!4b1!4m2!3m1!1s0x4cc918eb82e07cf9:0xdbadf19fd43bf3e3\" frameborder=\"0\" width=\"100%\" height=\"300\" marginwidth=\"0\" marginheight=\"0\" scrolling=\"no\"><\/iframe><\/div><\/div><\/div>\n<div class=\"span4 \"><h2>Contact<\/h2>\n<h5>For any question with regards to our systems, panels, cubicles, desks, chairs or services, do not hesitate to get in touch with us. Our specialists will be glad to find a solution that meets your needs.<\/h5>\n<p>Our team is awaiting your call.<br \/>\n<address>\n<strong>Mobilier de bureau N\u00dc IMAGE\u00a0inc.<br \/>\n9775 Rue Meilleur<br \/>\nMontr\u00e9al (Qu\u00e9bec) H3L 3J6<\/strong><br \/>\nPhone: (514) 507-2656<br \/>\nFAX: (514) 507&#8211;2726<br \/>\nE-mail: <a href=\"mailto:ybrisebois@bureaunuimage.ca\">ybrisebois@bureaunuimage.ca<\/a><br \/>\n<\/address><!-- address (end) --><\/div>\n<div class=\"span8 \"><h2>Please complete the form<\/h2>\n<div role=\"form\" class=\"wpcf7\" id=\"wpcf7-f2108-o1\" lang=\"en-US\" dir=\"ltr\">\n<div class=\"screen-reader-response\"><\/div>\n<form action=\"\/en\/wp-json\/wp\/v2\/pages\/14#wpcf7-f2108-o1\" method=\"post\" class=\"wpcf7-form\" novalidate=\"novalidate\">\n<div style=\"display: none;\">\n<input type=\"hidden\" name=\"_wpcf7\" value=\"2108\" \/>\n<input type=\"hidden\" name=\"_wpcf7_version\" value=\"4.7\" \/>\n<input type=\"hidden\" name=\"_wpcf7_locale\" value=\"en_US\" \/>\n<input type=\"hidden\" name=\"_wpcf7_unit_tag\" value=\"wpcf7-f2108-o1\" \/>\n<input type=\"hidden\" name=\"_wpnonce\" value=\"28325f3aa3\" \/>\n<\/div>\n<div class=\"row-fluid\">\n<p class=\"span6 field\"><span class=\"wpcf7-form-control-wrap your-name\"><input type=\"text\" name=\"your-name\" value=\"\" size=\"40\" class=\"wpcf7-form-control wpcf7-text wpcf7-validates-as-required\" aria-required=\"true\" aria-invalid=\"false\" placeholder=\"Your first name *\" \/><\/span><\/p>\n<p class=\"span6 field\"><span class=\"wpcf7-form-control-wrap last-name\"><input type=\"text\" name=\"last-name\" value=\"\" size=\"40\" class=\"wpcf7-form-control wpcf7-text wpcf7-validates-as-required\" aria-required=\"true\" aria-invalid=\"false\" placeholder=\"Your last name *\" \/><\/span><\/p>\n<\/div>\n<div class=\"row-fluid\">\n<p class=\"span6 field\"><span class=\"wpcf7-form-control-wrap your-email\"><input type=\"text\" name=\"your-email\" value=\"\" size=\"40\" class=\"wpcf7-form-control wpcf7-text wpcf7-validates-as-required\" aria-required=\"true\" aria-invalid=\"false\" placeholder=\"E-mail *\" \/><\/span><\/p>\n<p class=\"span6 field\"><span class=\"wpcf7-form-control-wrap subject\"><input type=\"text\" name=\"subject\" value=\"\" size=\"40\" class=\"wpcf7-form-control wpcf7-text wpcf7-validates-as-required\" aria-required=\"true\" aria-invalid=\"false\" placeholder=\"Subject *\" \/><\/span><\/p>\n<\/div>\n<p class=\"field\"><span class=\"wpcf7-form-control-wrap your-message\"><textarea name=\"your-message\" cols=\"40\" rows=\"10\" class=\"wpcf7-form-control wpcf7-textarea\" aria-invalid=\"false\" placeholder=\"Your message *\"><\/textarea><\/span><\/p>\n<p class=\"submit-wrap\"><input type=\"submit\" value=\"Send\" class=\"wpcf7-form-control wpcf7-submit envoyer\" \/><\/p>\n<p style=\"display: none !important;\"><label>&#916;<textarea name=\"_wpcf7_ak_hp_textarea\" cols=\"45\" rows=\"8\" maxlength=\"100\"><\/textarea><\/label><input type=\"hidden\" id=\"ak_js_1\" name=\"_wpcf7_ak_js\" value=\"172\"\/><script>document.getElementById( \"ak_js_1\" ).setAttribute( \"value\", ( new Date() ).getTime() );<\/script><\/p><div class=\"wpcf7-response-output wpcf7-display-none\"><\/div><\/form><\/div><\/div>\n<\/div><!-- .row (end) -->\n\n\n<div class=\"row \">\n<div class=\"span12 \"><h2>Plan d&#8217;acc\u00e8s<\/h2>\n<div><div class=\"google-map\"><iframe src=\"https:\/\/www.google.com\/maps\/embed?pb=!1m14!1m8!1m3!1d2794.322003031365!2d-73.658411!3d45.5438476!3m2!1i1024!2i768!4f13.1!3m3!1m2!1s0x4cc918eb82e07cf9%3A0xdbadf19fd43bf3e3!2s150+Rue+de+Port+Royal+O%2C+Montr%C3%A9al%2C+QC+H3L+3S9%2C+Canada!5e0!3m2!1sfr!2smg!4v1421131656588\" frameborder=\"0\" width=\"100%\" height=\"350px\" marginwidth=\"0\" marginheight=\"0\" scrolling=\"no\"><\/iframe><\/div><\/div><\/div>\n<div class=\"span4 \"><h2>Contact<\/h2>\n<h5>Pour toutes questions concernant nos syst\u00e8mes, panneaux, cubicules, bureaux, chaises ou services n&#8217;h\u00e9sitez pas \u00e0 communiquer avec nous. Nos sp\u00e9cialistes se feront un plaisir de trouver la solution \u00e0 vos d\u00e9fis.<\/h5>\n<p>Notre \u00e9quipe attend votre appel.<br \/>\n<address>\n<strong>Mobilier de bureau N\u00dc IMAGE\u00a0inc.<br \/>\n9775 Rue Meilleur<br \/>\nMontr\u00e9al (Qu\u00e9bec) H3L 3J6<\/strong><br \/>\nTelephone: (514) 507-2656<br \/>\nFAX: (514) 507-2726<br \/>\nE-mail: <a href=\"mailto:ybrisebois@bureaunuimage.ca\">ybrisebois@bureaunuimage.ca<\/a><br \/>\n<\/address><!-- address (end) --><\/div>\n<div class=\"span8 \"><h2>Veuillez remplir le formulaire<\/h2>\n<div role=\"form\" class=\"wpcf7\" id=\"wpcf7-f2106-o2\" lang=\"fr-FR\" dir=\"ltr\">\n<div class=\"screen-reader-response\"><\/div>\n<form action=\"\/en\/wp-json\/wp\/v2\/pages\/14#wpcf7-f2106-o2\" method=\"post\" class=\"wpcf7-form\" novalidate=\"novalidate\">\n<div style=\"display: none;\">\n<input type=\"hidden\" name=\"_wpcf7\" value=\"2106\" \/>\n<input type=\"hidden\" name=\"_wpcf7_version\" value=\"4.7\" \/>\n<input type=\"hidden\" name=\"_wpcf7_locale\" value=\"fr_FR\" \/>\n<input type=\"hidden\" name=\"_wpcf7_unit_tag\" value=\"wpcf7-f2106-o2\" \/>\n<input type=\"hidden\" name=\"_wpnonce\" value=\"e3281d583f\" \/>\n<\/div>\n<div class=\"row-fluid\">\n<p class=\"span6 field\"><span class=\"wpcf7-form-control-wrap your-name\"><input type=\"text\" name=\"your-name\" value=\"\" size=\"40\" class=\"wpcf7-form-control wpcf7-text wpcf7-validates-as-required\" aria-required=\"true\" aria-invalid=\"false\" placeholder=\"votre nom *\" \/><\/span><\/p>\n<p class=\"span6 field\"><span class=\"wpcf7-form-control-wrap last-name\"><input type=\"text\" name=\"last-name\" value=\"\" size=\"40\" class=\"wpcf7-form-control wpcf7-text wpcf7-validates-as-required\" aria-required=\"true\" aria-invalid=\"false\" placeholder=\"Votre pr\u00e9nom *\" \/><\/span><\/p>\n<\/div>\n<div class=\"row-fluid\">\n<p class=\"span6 field\"><span class=\"wpcf7-form-control-wrap your-email\"><input type=\"email\" name=\"your-email\" value=\"\" size=\"40\" class=\"wpcf7-form-control wpcf7-text wpcf7-email wpcf7-validates-as-required wpcf7-validates-as-email\" aria-required=\"true\" aria-invalid=\"false\" placeholder=\"E-mail *\" \/><\/span><\/p>\n<p class=\"span6 field\"><span class=\"wpcf7-form-control-wrap subject\"><input type=\"text\" name=\"subject\" value=\"\" size=\"40\" class=\"wpcf7-form-control wpcf7-text wpcf7-validates-as-required\" aria-required=\"true\" aria-invalid=\"false\" placeholder=\"Sujet *\" \/><\/span> <\/p>\n<\/div>\n<p class=\"field\"><span class=\"wpcf7-form-control-wrap your-message\"><textarea name=\"your-message\" cols=\"40\" rows=\"10\" class=\"wpcf7-form-control wpcf7-textarea wpcf7-validates-as-required\" aria-required=\"true\" aria-invalid=\"false\" placeholder=\"votre message *\"><\/textarea><\/span> <\/p>\n<p class=\"submit-wrap\"><input type=\"submit\" value=\"Envoyer\" class=\"wpcf7-form-control wpcf7-submit envoyer\" \/><\/p>\n<p style=\"display: none !important;\"><label>&#916;<textarea name=\"_wpcf7_ak_hp_textarea\" cols=\"45\" rows=\"8\" maxlength=\"100\"><\/textarea><\/label><input type=\"hidden\" id=\"ak_js_2\" name=\"_wpcf7_ak_js\" value=\"198\"\/><script>document.getElementById( \"ak_js_2\" ).setAttribute( \"value\", ( new Date() ).getTime() );<\/script><\/p><div class=\"wpcf7-response-output wpcf7-display-none\"><\/div><\/form><\/div><\/div>\n<\/div><!-- .row (end) -->\n","protected":false},"excerpt":{"rendered":"","protected":false},"author":3,"featured_media":0,"parent":0,"menu_order":6,"comment_status":"open","ping_status":"closed","template":"page-fullwidth.php","meta":[],"_links":{"self":[{"href":"https:\/\/mobilierdebureaunuimage.ca\/en\/wp-json\/wp\/v2\/pages\/14"}],"collection":[{"href":"https:\/\/mobilierdebureaunuimage.ca\/en\/wp-json\/wp\/v2\/pages"}],"about":[{"href":"https:\/\/mobilierdebureaunuimage.ca\/en\/wp-json\/wp\/v2\/types\/page"}],"author":[{"embeddable":true,"href":"https:\/\/mobilierdebureaunuimage.ca\/en\/wp-json\/wp\/v2\/users\/3"}],"replies":[{"embeddable":true,"href":"https:\/\/mobilierdebureaunuimage.ca\/en\/wp-json\/wp\/v2\/comments?post=14"}],"version-history":[{"count":20,"href":"https:\/\/mobilierdebureaunuimage.ca\/en\/wp-json\/wp\/v2\/pages\/14\/revisions"}],"predecessor-version":[{"id":2588,"href":"https:\/\/mobilierdebureaunuimage.ca\/en\/wp-json\/wp\/v2\/pages\/14\/revisions\/2588"}],"wp:attachment":[{"href":"https:\/\/mobilierdebureaunuimage.ca\/en\/wp-json\/wp\/v2\/media?parent=14"}],"curies":[{"name":"wp","href":"https:\/\/api.w.org\/{rel}","templated":true}]}}