{"id":203,"date":"2011-09-14T09:45:02","date_gmt":"2011-09-14T09:45:02","guid":{"rendered":"http:\/\/www.mobilierdebureaunuimage.ca\/"},"modified":"2016-10-10T06:31:42","modified_gmt":"2016-10-10T06:31:42","slug":"home","status":"publish","type":"page","link":"https:\/\/mobilierdebureaunuimage.ca\/en\/","title":{"rendered":"Home"},"content":{"rendered":"<div class=\"mp-row-fluid motopress-row\">\n<div class=\"mp-span12 motopress-span\" >\n<span class=\"text-highlight\">\n<p style=\"text-align: center;\"><a href=\"http:\/\/mobilierdebureaunuimage.ca\/contacts\/\"><span style=\"color: #ff0000; font-size: 18px;\">Click here to obtain a quote and earn savings of up to 35%<\/span><\/a><\/p>\n<\/span><!-- .highlight (end) -->\n<div><ul class=\"posts-grid row-fluid unstyled produit ul-item-0\"><li class=\"span3 list-item-1\"><div class=\"extra-wrap\"><h5><a href=\"https:\/\/mobilierdebureaunuimage.ca\/en\/portfolio-view\/panneaux\/\" title=\"Panels and dividing walls\">Panels and dividing walls<\/a><\/h5><figure class=\"featured-thumbnail thumbnail\"><a href=\"https:\/\/mobilierdebureaunuimage.ca\/en\/portfolio-view\/panneaux\/\" title=\"Panels and dividing walls\" ><img  src=\"https:\/\/mobilierdebureaunuimage.ca\/wp-content\/uploads\/2015\/05\/EPM_vue_ensemble.jpg\" alt=\"Panels and dividing walls\" \/><span class=\"zoom-icon\"><\/span><\/a><\/figure><\/div><div class=\"clear\"><\/div><h6><\/h6><p class=\"excerpt\">(Fran\u00e7ais) Syst\u00e8mes Modulaires S\u00e9parateurs de Panneaux et Cloisons pour Partitions de bureaux  Usag\u00e9s, Recycl\u00e9s ou Neufs.<\/p><a href=\"https:\/\/mobilierdebureaunuimage.ca\/en\/portfolio-view\/panneaux\/\" class=\"btn btn-primary\" title=\"Panels and dividing walls\">Learn more<\/a><\/li><li class=\"span3 list-item-2\"><div class=\"extra-wrap\"><h5><a href=\"https:\/\/mobilierdebureaunuimage.ca\/en\/portfolio-view\/bureaux\/\" title=\"Desks\/Workstations\">Desks\/Workstations<\/a><\/h5><figure class=\"featured-thumbnail thumbnail\"><a href=\"https:\/\/mobilierdebureaunuimage.ca\/en\/portfolio-view\/bureaux\/\" title=\"Desks\/Workstations\" ><img  src=\"https:\/\/mobilierdebureaunuimage.ca\/wp-content\/uploads\/2002\/06\/bureau.jpg\" alt=\"Desks\/Workstations\" \/><span class=\"zoom-icon\"><\/span><\/a><\/figure><\/div><div class=\"clear\"><\/div><h6><\/h6><p class=\"excerpt\">(Fran\u00e7ais) Bureaux, Huches, Cr\u00e9dences, Postes et Tables de travail I Usag\u00e9s, Recycl\u00e9s ou Neufs. Mobilier de bureau sur mesure \u00e0 Montr\u00e9al.<\/p><a href=\"https:\/\/mobilierdebureaunuimage.ca\/en\/portfolio-view\/bureaux\/\" class=\"btn btn-primary\" title=\"Desks\/Workstations\">Learn more<\/a><\/li><li class=\"span3 list-item-3\"><div class=\"extra-wrap\"><h5><a href=\"https:\/\/mobilierdebureaunuimage.ca\/en\/portfolio-view\/table-de-conference\/\" title=\"CONFERENCE TABLES\">CONFERENCE TABLES<\/a><\/h5><figure class=\"featured-thumbnail thumbnail\"><a href=\"https:\/\/mobilierdebureaunuimage.ca\/en\/portfolio-view\/table-de-conference\/\" title=\"CONFERENCE TABLES\" ><img  src=\"https:\/\/mobilierdebureaunuimage.ca\/wp-content\/uploads\/2016\/04\/NUIMAGE_table-conference2.jpg\" alt=\"CONFERENCE TABLES\" \/><span class=\"zoom-icon\"><\/span><\/a><\/figure><\/div><div class=\"clear\"><\/div><h6><\/h6><p class=\"excerpt\">(Fran\u00e7ais) Tables et salle de Conf\u00e9rence I Usag\u00e9es, Recycl\u00e9es ou Neuves. Mobilier de bureau sur mesure \u00e0 Montr\u00e9al.<\/p><a href=\"https:\/\/mobilierdebureaunuimage.ca\/en\/portfolio-view\/table-de-conference\/\" class=\"btn btn-primary\" title=\"CONFERENCE TABLES\">Learn more<\/a><\/li><li class=\"span3 list-item-4\"><div class=\"extra-wrap\"><h5><a href=\"https:\/\/mobilierdebureaunuimage.ca\/en\/portfolio-view\/poste-de-reception\/\" title=\"RECEPTION AREA\">RECEPTION AREA<\/a><\/h5><figure class=\"featured-thumbnail thumbnail\"><a href=\"https:\/\/mobilierdebureaunuimage.ca\/en\/portfolio-view\/poste-de-reception\/\" title=\"RECEPTION AREA\" ><img  src=\"https:\/\/mobilierdebureaunuimage.ca\/wp-content\/uploads\/2016\/04\/F_vue-de-coin.jpg\" alt=\"RECEPTION AREA\" \/><span class=\"zoom-icon\"><\/span><\/a><\/figure><\/div><div class=\"clear\"><\/div><h6><\/h6><p class=\"excerpt\">(Fran\u00e7ais) Postes et Bureaux de R\u00e9ception sur mesure.  Usag\u00e9s, Recycl\u00e9s ou Neufs. Mobilier de bureau sur mesure \u00e0 Montr\u00e9al.<\/p><a href=\"https:\/\/mobilierdebureaunuimage.ca\/en\/portfolio-view\/poste-de-reception\/\" class=\"btn btn-primary\" title=\"RECEPTION AREA\">Learn more<\/a><\/li><\/ul><!-- .posts-grid (end) --><ul class=\"posts-grid row-fluid unstyled produit ul-item-1\"><li class=\"span3 list-item-1\"><div class=\"extra-wrap\"><h5><a href=\"https:\/\/mobilierdebureaunuimage.ca\/en\/portfolio-view\/classeurs\/\" title=\"Filing cabinets\">Filing cabinets<\/a><\/h5><figure class=\"featured-thumbnail thumbnail\"><a href=\"https:\/\/mobilierdebureaunuimage.ca\/en\/portfolio-view\/classeurs\/\" title=\"Filing cabinets\" ><img  src=\"https:\/\/mobilierdebureaunuimage.ca\/wp-content\/uploads\/2005\/06\/classeur.jpg\" alt=\"Filing cabinets\" \/><span class=\"zoom-icon\"><\/span><\/a><\/figure><\/div><div class=\"clear\"><\/div><h6><\/h6><p class=\"excerpt\">(Fran\u00e7ais) Classeurs, Fili\u00e8res ou Caissons en m\u00e9tal, stratifi\u00e9 ou en m\u00e9lamine. Usag\u00e9s, Recycl\u00e9s ou Neufs.<\/p><a href=\"https:\/\/mobilierdebureaunuimage.ca\/en\/portfolio-view\/classeurs\/\" class=\"btn btn-primary\" title=\"Filing cabinets\">Learn more<\/a><\/li><li class=\"span3 list-item-2\"><div class=\"extra-wrap\"><h5><a href=\"https:\/\/mobilierdebureaunuimage.ca\/en\/portfolio-view\/chaises\/\" title=\"CHAIRS\">CHAIRS<\/a><\/h5><figure class=\"featured-thumbnail thumbnail\"><a href=\"https:\/\/mobilierdebureaunuimage.ca\/en\/portfolio-view\/chaises\/\" title=\"CHAIRS\" ><img  src=\"https:\/\/mobilierdebureaunuimage.ca\/wp-content\/uploads\/2002\/06\/chaise.jpg\" alt=\"CHAIRS\" \/><span class=\"zoom-icon\"><\/span><\/a><\/figure><\/div><div class=\"clear\"><\/div><h6><\/h6><p class=\"excerpt\">(Fran\u00e7ais) Chaises ergonomiques usag\u00e9es ou neuves pour postes de travail ou salles de conf\u00e9rence I Usag\u00e9es, Recycl\u00e9es ou neuves.<\/p><a href=\"https:\/\/mobilierdebureaunuimage.ca\/en\/portfolio-view\/chaises\/\" class=\"btn btn-primary\" title=\"CHAIRS\">Learn more<\/a><\/li><li class=\"span3 list-item-3\"><div class=\"extra-wrap\"><h5><a href=\"https:\/\/mobilierdebureaunuimage.ca\/en\/portfolio-view\/accessoires\/\" title=\"ACCESSORIES\">ACCESSORIES<\/a><\/h5><figure class=\"featured-thumbnail thumbnail\"><a href=\"https:\/\/mobilierdebureaunuimage.ca\/en\/portfolio-view\/accessoires\/\" title=\"ACCESSORIES\" ><img  src=\"https:\/\/mobilierdebureaunuimage.ca\/wp-content\/uploads\/2001\/06\/PanneauxNu.jpg\" alt=\"ACCESSORIES\" \/><span class=\"zoom-icon\"><\/span><\/a><\/figure><\/div><div class=\"clear\"><\/div><h6><\/h6><p class=\"excerpt\">(Fran\u00e7ais) Lumi\u00e8re, huche, fen\u00eatre, porte, barre d\u2019accrochement I Usag\u00e9s, Recycl\u00e9s ou neufs. Mobilier de bureau sur mesure \u00e0 Montr\u00e9al.<\/p><a href=\"https:\/\/mobilierdebureaunuimage.ca\/en\/portfolio-view\/accessoires\/\" class=\"btn btn-primary\" title=\"ACCESSORIES\">Learn more<\/a><\/li><li class=\"span3 list-item-4\"><div class=\"extra-wrap\"><h5><a href=\"https:\/\/mobilierdebureaunuimage.ca\/en\/portfolio-view\/liquidation\/\" title=\"Liquidations\">Liquidations<\/a><\/h5><figure class=\"featured-thumbnail thumbnail\"><a href=\"https:\/\/mobilierdebureaunuimage.ca\/en\/portfolio-view\/liquidation\/\" title=\"Liquidations\" ><img  src=\"https:\/\/mobilierdebureaunuimage.ca\/wp-content\/uploads\/2015\/11\/poste_lacasse1.jpg\" alt=\"Liquidations\" \/><span class=\"zoom-icon\"><\/span><\/a><\/figure><\/div><div class=\"clear\"><\/div><h6><\/h6><p class=\"excerpt\">(Fran\u00e7ais) Profitez de ces aubaines. Revenez souvent, les liquidations sont mises \u00e0 jour r\u00e9guli\u00e8rement<\/p><a href=\"https:\/\/mobilierdebureaunuimage.ca\/en\/portfolio-view\/liquidation\/\" class=\"btn btn-primary\" title=\"Liquidations\">Learn more<\/a><\/li><\/ul><!-- .posts-grid (end) --><\/div>\n<div><div class=\"content_box &#8221;services&#8221;\">\n<h2>OUR SERVICES<\/h2>\n<div class=\"row \">\n<div class=\"span2 \"><div class=\"service-box \"><div class=\"service-box_title\"><div class=\"extrabox\"><div class=\"icon icon-1\"><\/div><\/div><\/div><div class=\"service-box_body\"><div class=\"service-box_txt\"><a href=\"http:\/\/mobilierdebureaunuimage.ca\/nos-services\/\">DELIVERY &amp; INSTALLATION<\/a><\/div><\/div><\/div><!-- \/Service Box --><\/div>\n<div class=\"span2 \"><div class=\"service-box \"><div class=\"service-box_title\"><div class=\"extrabox\"><div class=\"icon icon-2\"><\/div><\/div><\/div><div class=\"service-box_body\"><div class=\"service-box_txt\"><a href=\"http:\/\/mobilierdebureaunuimage.ca\/nos-services\/\">LAYOUT DESIGN<\/a><\/div><\/div><\/div><!-- \/Service Box --><\/div>\n<div class=\"span2 \"><div class=\"service-box \"><div class=\"service-box_title\"><div class=\"extrabox\"><div class=\"icon icon-3\"><\/div><\/div><\/div><div class=\"service-box_body\"><div class=\"service-box_txt\"><a href=\"http:\/\/mobilierdebureaunuimage.ca\/nos-services\/\">PAINT WORKSHOP<\/a><\/div><\/div><\/div><!-- \/Service Box --><\/div>\n<div class=\"span2 \"><div class=\"service-box \"><div class=\"service-box_title\"><div class=\"extrabox\"><div class=\"icon icon-4\"><\/div><\/div><\/div><div class=\"service-box_body\"><div class=\"service-box_txt\"><a href=\"http:\/\/mobilierdebureaunuimage.ca\/nos-services\/\">RELOOKING<\/a><\/div><\/div><\/div><!-- \/Service Box --><\/div>\n<div class=\"span2 \"><div class=\"service-box \"><div class=\"service-box_title\"><div class=\"extrabox\"><div class=\"icon icon-5\"><\/div><\/div><\/div><div class=\"service-box_body\"><div class=\"service-box_txt\"><a href=\"http:\/\/mobilierdebureaunuimage.ca\/nos-services\/\">OTHER<\/a><\/div><\/div><\/div><!-- \/Service Box --><\/div>\n<\/div><!-- .row (end) -->\n<div class=\"clear\"><\/div><\/div><!-- .content_box (end) --><\/div>\n<div><div class=\"content_box &#8221;realisation&#8221;\">\n<div class=\"row \">\n<div class=\"span12 \"><h2>PORTFOLIO<\/h2>\n<div><div class=\"carousel-wrap \"><div id=\"carousel-69d79055a0cda\" class=\"es-carousel-wrapper\"><div class=\"es-carousel\"><ul class=\"es-carousel_list unstyled clearfix\"><li class=\"es-carousel_li format-standart clearfix list-item-0\"><figure class=\"featured-thumbnail\"><a href=\"https:\/\/mobilierdebureaunuimage.ca\/en\/show-room-nu-image\/\" title=\"OUR SHOW ROOM AT N\u00dc IMAGE\"><img src=\"https:\/\/mobilierdebureaunuimage.ca\/wp-content\/uploads\/2016\/04\/NUIMAGE_table-conference3-569x368.jpg\" alt=\"OUR SHOW ROOM AT N\u00dc IMAGE\" \/><\/a><\/figure><div class=\"desc\"><h5><a href=\"https:\/\/mobilierdebureaunuimage.ca\/en\/show-room-nu-image\/\" title=\"OUR SHOW ROOM AT N\u00dc IMAGE\">OUR SHOW ROOM AT N\u00dc IMAGE<\/a><\/h5><\/div><\/li><li class=\"es-carousel_li format-standart clearfix list-item-1\"><figure class=\"featured-thumbnail\"><a href=\"https:\/\/mobilierdebureaunuimage.ca\/en\/bureau-de-reception-excavation-foucault\/\" title=\"Reception Desk Foucault Excavation\"><img src=\"https:\/\/mobilierdebureaunuimage.ca\/wp-content\/uploads\/2016\/04\/F_vue-de-coin.jpg\" alt=\"Reception Desk Foucault Excavation\" \/><\/a><\/figure><div class=\"desc\"><h5><a href=\"https:\/\/mobilierdebureaunuimage.ca\/en\/bureau-de-reception-excavation-foucault\/\" title=\"Reception Desk Foucault Excavation\">Reception Desk Foucault Excavation<\/a><\/h5><\/div><\/li><li class=\"es-carousel_li format-standart clearfix list-item-2\"><figure class=\"featured-thumbnail\"><a href=\"https:\/\/mobilierdebureaunuimage.ca\/en\/bureau-de-travail-montreal-neon\/\" title=\"Office Desk    Montreal Neon\"><img src=\"https:\/\/mobilierdebureaunuimage.ca\/wp-content\/uploads\/2015\/11\/bureau1-569x368.jpg\" alt=\"Office Desk    Montreal Neon\" \/><\/a><\/figure><div class=\"desc\"><h5><a href=\"https:\/\/mobilierdebureaunuimage.ca\/en\/bureau-de-travail-montreal-neon\/\" title=\"Office Desk    Montreal Neon\">Office Desk    Montreal Neon<\/a><\/h5><\/div><\/li><li class=\"es-carousel_li format-standart clearfix list-item-3\"><figure class=\"featured-thumbnail\"><a href=\"https:\/\/mobilierdebureaunuimage.ca\/en\/table-de-conference\/\" title=\"Conference Table at DANONE\"><img src=\"https:\/\/mobilierdebureaunuimage.ca\/wp-content\/uploads\/2015\/05\/Danone_conference-569x368.jpg\" alt=\"Conference Table at DANONE\" \/><\/a><\/figure><div class=\"desc\"><h5><a href=\"https:\/\/mobilierdebureaunuimage.ca\/en\/table-de-conference\/\" title=\"Conference Table at DANONE\">Conference Table at DANONE<\/a><\/h5><\/div><\/li><li class=\"es-carousel_li format-standart clearfix list-item-4\"><figure class=\"featured-thumbnail\"><a href=\"https:\/\/mobilierdebureaunuimage.ca\/en\/poste_travail_epm\/\" title=\"Working Station   EPM Mecanic\"><img src=\"https:\/\/mobilierdebureaunuimage.ca\/wp-content\/uploads\/2015\/05\/EPM_Poste_double-569x368.jpg\" alt=\"Working Station   EPM Mecanic\" \/><\/a><\/figure><div class=\"desc\"><h5><a href=\"https:\/\/mobilierdebureaunuimage.ca\/en\/poste_travail_epm\/\" title=\"Working Station   EPM Mecanic\">Working Station   EPM Mecanic<\/a><\/h5><\/div><\/li><li class=\"es-carousel_li format-standart clearfix list-item-5\"><figure class=\"featured-thumbnail\"><a href=\"https:\/\/mobilierdebureaunuimage.ca\/en\/bureau-et-cloison\/\" title=\"16 Original Working Station NOVABUS\"><img src=\"https:\/\/mobilierdebureaunuimage.ca\/wp-content\/uploads\/2015\/05\/NOVO_poste-569x368.jpg\" alt=\"16 Original Working Station NOVABUS\" \/><\/a><\/figure><div class=\"desc\"><h5><a href=\"https:\/\/mobilierdebureaunuimage.ca\/en\/bureau-et-cloison\/\" title=\"16 Original Working Station NOVABUS\">16 Original Working Station NOVABUS<\/a><\/h5><\/div><\/li><\/ul><\/div><\/div><script>\r\n\t\t\t\tjQuery(document).ready(function(){\r\n\t\t\t\t\tjQuery(\"#carousel-69d79055a0cda\").elastislide({\r\n\t\t\t\t\t\timageW  : 569,\r\n\t\t\t\t\t\tminItems: 1,\r\n\t\t\t\t\t\tspeed   : 600,\r\n\t\t\t\t\t\teasing  : \"easeOutQuart\",\r\n\t\t\t\t\t\tmargin  : 38,\r\n\t\t\t\t\t\tborder  : 0\r\n\t\t\t\t\t});\r\n\t\t\t\t})<\/script><\/div><\/div><\/div>\n<\/div><!-- .row (end) -->\n<div class=\"clear\"><\/div><\/div><!-- .content_box (end) --><\/div>\n<\/div>\n<\/div>\n<div class=\"mp-row-fluid motopress-row\">\n<div class=\"mp-span12 motopress-span\" >\n<div><div class=\"content_box \">\n<div class=\"clear\"><\/div><\/div><!-- .content_box (end) --><\/div>\n<\/div>\n<\/div>","protected":false},"excerpt":{"rendered":"","protected":false},"author":3,"featured_media":0,"parent":0,"menu_order":0,"comment_status":"open","ping_status":"closed","template":"page-home.php","meta":[],"_links":{"self":[{"href":"https:\/\/mobilierdebureaunuimage.ca\/en\/wp-json\/wp\/v2\/pages\/203"}],"collection":[{"href":"https:\/\/mobilierdebureaunuimage.ca\/en\/wp-json\/wp\/v2\/pages"}],"about":[{"href":"https:\/\/mobilierdebureaunuimage.ca\/en\/wp-json\/wp\/v2\/types\/page"}],"author":[{"embeddable":true,"href":"https:\/\/mobilierdebureaunuimage.ca\/en\/wp-json\/wp\/v2\/users\/3"}],"replies":[{"embeddable":true,"href":"https:\/\/mobilierdebureaunuimage.ca\/en\/wp-json\/wp\/v2\/comments?post=203"}],"version-history":[{"count":99,"href":"https:\/\/mobilierdebureaunuimage.ca\/en\/wp-json\/wp\/v2\/pages\/203\/revisions"}],"predecessor-version":[{"id":2560,"href":"https:\/\/mobilierdebureaunuimage.ca\/en\/wp-json\/wp\/v2\/pages\/203\/revisions\/2560"}],"wp:attachment":[{"href":"https:\/\/mobilierdebureaunuimage.ca\/en\/wp-json\/wp\/v2\/media?parent=203"}],"curies":[{"name":"wp","href":"https:\/\/api.w.org\/{rel}","templated":true}]}}